{"id":32,"date":"2017-01-27T10:17:56","date_gmt":"2017-01-27T10:17:56","guid":{"rendered":"http:\/\/ssrlestilleuls.fr\/?page_id=32"},"modified":"2017-01-27T10:18:24","modified_gmt":"2017-01-27T10:18:24","slug":"historique","status":"publish","type":"page","link":"https:\/\/ssrlestilleuls.fr\/?page_id=32","title":{"rendered":"Historique"},"content":{"rendered":"<h2>Les Tilleuls, une page d&rsquo;histoire Marvejolaise.<\/h2>\n<p>Cr\u00e9ation le 29 novembre 1633 de la Compagnie de Filles de la Charit\u00e9 davantage connue sous le nom de S\u0153urs de Saint\u00a0Vincent de Paul par Saint\u00a0Vincent de Paul et Louise de Marillac.<\/p>\n<p>D \u00e8s l&rsquo;origine, fid\u00e8les \u00e0 l&rsquo;esprit de Saint Vincent de Paul, les S\u0153urs se consacrent en France d&rsquo;abord, puis sur tous\u00a0les\u00a0continents \u00e0 soulager tous\u00a0ceux qui souffrent tant physiquement que moralement : malades, jeunes, enfants, personnes \u00e2g\u00e9e,\u00a0d\u00e9munis.<\/p>\n<h2>\u00ab\u00a0L&rsquo;Amour est inventif jusqu&rsquo;\u00e0 l&rsquo;infini\u00a0\u00bb\u00a0disait Saint Vincent de Paul.<\/h2>\n<p>En 1846, S\u0153ur D&rsquo;ESPINASSOUS ouvre dans sa propre maison de famille \u00e0 Marvejols (son pays natal), un orphelinat de\u00a0filles et y organise la visite\u00a0des pauvres et des malades \u00e0 domicile.<\/p>\n<p>En 1867, la famille D&rsquo;ESPINASSOUS fera don de divers immeubles. Cr\u00e9ation d&rsquo;un orphelinat de gar\u00e7ons qui devient en\u00a01970, \u00ab l&rsquo;Enclos \u00bb, centre \u00e9ducatif de l&rsquo;Enfance inadapt\u00e9e.<\/p>\n<p>En 1931, pour r\u00e9pondre aux nouveaux besoins du monde agricole, S\u0153ur CHUPIN cr\u00e9e \u00ab la Maison \u00c9cole Rurale \u00bb de\u00a0BOULDOIRE.<\/p>\n<p>En 1947, suite\u00a0aux appels des familles modestes, les S\u0153urs am\u00e9nagent une maison pour l&rsquo;accueil des dames et d\u00e9sireuses\u00a0filles ayant besoin de repos.<\/p>\n<p>C&rsquo;est en 1956 que la Maison de Repos \u00ab Les Tilleuls \u00bb ouvrira ses portes.<\/p>\n<p>En 1979, l&rsquo;Enclos devient\u00a0un Institut P\u00e9dagogique Municipal qui sera pris en charge par l&rsquo;association \u00ab Les R\u00e9sidences\u00a0Loz\u00e9riennes d&rsquo;Olt \u00bb.<\/p>\n<p>Les Tilleuls, plus que centenaire mena\u00e7ant de s&rsquo;\u00e9crouler, une reconstitution en conformit\u00e9 aux norme en vigueur, s&rsquo;av\u00e8re\u00a0indispensable. Le nouvel \u00e9tablissement est finalement inaugur\u00e9 le 11 mars 1997, pour la plus grande satisfaction des\u00a0Marvejolais attach\u00e9s \u00e0 cette Maison .<\/p>\n<p>Aujourd&rsquo;hui, Les Tilleuls accueillent toutes\u00a0les sortes de pathologies n\u00e9cessitant des \u00ab soins de suite et de r\u00e9adaptation \u00bb apr\u00e8s\u00a0une hospitalisation. Un \u00e9quipement moderne, un personnel comp\u00e9tent travaillent dans l&rsquo;esprit de service permettant \u00e0\u00a0chacun de pouvoir b\u00e9n\u00e9ficier, dans un climat bienfaisant et un cadre agr\u00e9able, d&rsquo;un s\u00e9jour adapt\u00e9 \u00e0 son \u00e9tat de sant\u00e9.<\/p>\n","protected":false},"excerpt":{"rendered":"<p>Les Tilleuls, une page d&rsquo;histoire Marvejolaise. Cr\u00e9ation le 29 novembre 1633 de la Compagnie de Filles de la Charit\u00e9 davantage connue sous le nom de S\u0153urs de Saint\u00a0Vincent de Paul par Saint\u00a0Vincent de Paul et Louise de Marillac. D \u00e8s l&rsquo;origine, fid\u00e8les \u00e0 l&rsquo;esprit de Saint Vincent de Paul, les S\u0153urs se consacrent en France [&hellip;]<\/p>\n","protected":false},"author":2,"featured_media":0,"parent":0,"menu_order":7,"comment_status":"closed","ping_status":"closed","template":"","meta":{"footnotes":""},"class_list":["post-32","page","type-page","status-publish","hentry"],"_links":{"self":[{"href":"https:\/\/ssrlestilleuls.fr\/index.php?rest_route=\/wp\/v2\/pages\/32","targetHints":{"allow":["GET"]}}],"collection":[{"href":"https:\/\/ssrlestilleuls.fr\/index.php?rest_route=\/wp\/v2\/pages"}],"about":[{"href":"https:\/\/ssrlestilleuls.fr\/index.php?rest_route=\/wp\/v2\/types\/page"}],"author":[{"embeddable":true,"href":"https:\/\/ssrlestilleuls.fr\/index.php?rest_route=\/wp\/v2\/users\/2"}],"replies":[{"embeddable":true,"href":"https:\/\/ssrlestilleuls.fr\/index.php?rest_route=%2Fwp%2Fv2%2Fcomments&post=32"}],"version-history":[{"count":2,"href":"https:\/\/ssrlestilleuls.fr\/index.php?rest_route=\/wp\/v2\/pages\/32\/revisions"}],"predecessor-version":[{"id":34,"href":"https:\/\/ssrlestilleuls.fr\/index.php?rest_route=\/wp\/v2\/pages\/32\/revisions\/34"}],"wp:attachment":[{"href":"https:\/\/ssrlestilleuls.fr\/index.php?rest_route=%2Fwp%2Fv2%2Fmedia&parent=32"}],"curies":[{"name":"wp","href":"https:\/\/api.w.org\/{rel}","templated":true}]}}