{"id":25,"date":"2017-01-26T16:47:39","date_gmt":"2017-01-26T16:47:39","guid":{"rendered":"http:\/\/ssrlestilleuls.fr\/?page_id=25"},"modified":"2017-01-26T16:48:24","modified_gmt":"2017-01-26T16:48:24","slug":"charte","status":"publish","type":"page","link":"https:\/\/ssrlestilleuls.fr\/?page_id=25","title":{"rendered":"Charte"},"content":{"rendered":"<h2>Charte du patient hospitalis\u00e9<\/h2>\n<p>Tout patient est libre de choisir l&rsquo;\u00e9tablissement de sant\u00e9 qui le prendra en charge, dans la limite des possibilit\u00e9s de chaque\u00a0\u00e9tablissement.<\/p>\n<p>Le service public hospitalier est accessible \u00e0 tous en particulier aux personnes d\u00e9munies et, en cas d&rsquo;urgence,\u00a0aux personnes sans couverture sociale. Il est adapt\u00e9 aux personnes handicap\u00e9es.<br \/>\nLes \u00e9tablissements de sant\u00e9 garantissant la qualit\u00e9 de l&rsquo;accueil des traitements et des soins. Ils sont attentifs au soulagement\u00a0de la douleur et mettent tour en \u0153uvre pour assurer \u00e0 chacun une vie digne, avec une attention particuli\u00e8re \u00e0 la fin de vie.<br \/>\nL&rsquo;information donn\u00e9e au patient doit \u00eatre accessible et loyale. La personne hospitalis\u00e9e participe aux choix th\u00e9rapeutiques\u00a0qui la concernent. Elle peut se faire assister par une personne de confiance qu&rsquo;elle choisit librement.<br \/>\nUn acte m\u00e9dical ne peut \u00eatre pratiqu\u00e9 qu&rsquo;avec le consentement libre et \u00e9clair\u00e9 du parient. Celui-ci a le droit de refuser tout\u00a0traitement. Toute personne majeure peur exprimer ses souhaits quant \u00e0 sa fin de vie dans des directives anticip\u00e9es.<br \/>\nUn consentement sp\u00e9cifique est pr\u00e9vu, notamment, pour les personnes participant \u00e0 une recherche biom\u00e9dicale, pour le don\u00a0et l&rsquo;utilisation des \u00e9l\u00e9ments et produits du corps humain et pour les actes de d\u00e9pistage.<br \/>\nUne personne \u00e0 qui il est propos\u00e9 de participer \u00e0 une recherche biom\u00e9dicale est inform\u00e9e, notamment, sur les b\u00e9n\u00e9fices\u00a0attendus et les risques pr\u00e9visibles. Son accord est donn\u00e9 par \u00e9crit. Son refus n&rsquo;aura pas de cons\u00e9quence sur la qualit\u00e9 des soins\u00a0qu&rsquo;elle recevra.<br \/>\nUne personne hospitalis\u00e9e peut, sauf exceptions pr\u00e9vues par la loi, quitter \u00e0 tout moment l&rsquo;\u00e9tablissement apr\u00e8s avoir \u00e9t\u00e9\u00a0inform\u00e9e des risques \u00e9ventuels auxquels elle s&rsquo;expose.<br \/>\nLa personne hospitalis\u00e9e est trait\u00e9e avec \u00e9gards.\u00a0Les croyances sont respect\u00e9es. Son intimit\u00e9\u00a0est pr\u00e9serv\u00e9e ainsi que sa\u00a0tranquillit\u00e9.<br \/>\nLe respect de la vie priv\u00e9e est garanti \u00e0 toute personne ainsi que la confidentialit\u00e9 des informations personnelles, administra\u00adtives, m\u00e9dicales et sociales qui la concernent.<br \/>\nLa personne hospitalis\u00e9e (ou ses repr\u00e9sentants l\u00e9gaux) b\u00e9n\u00e9ficie d&rsquo;un acc\u00e8s direct aux informations de sant\u00e9 la concernant.\u00a0Sous certaines conditions, ses ayants-droit en cas de d\u00e9c\u00e8s b\u00e9n\u00e9ficient de ce m\u00eame droit.<br \/>\nLa personne hospitalis\u00e9e peut exprimer des observations sur les soins et sur l&rsquo;accueil qu&rsquo;elle a re\u00e7us. Dans chaque \u00e9tablisse\u00adment, une commission des relations avec les usagers et de la qualit\u00e9 de la prise en charge veille, notamment, au respect des\u00a0droits des usagers. Toute personne dispose du droit d&rsquo;\u00eatre entendue par un responsable de l&rsquo;\u00e9tablissement pour exprimer\u00a0ses griefs et demander r\u00e9paration des pr\u00e9judices qu&rsquo;elle estimerait avoir subis, dans le cadre d&rsquo; une proc\u00e9dure de r\u00e8glement\u00a0amiable des litiges et\/ou devant les tribunaux.<\/p>\n","protected":false},"excerpt":{"rendered":"<p>Charte du patient hospitalis\u00e9 Tout patient est libre de choisir l&rsquo;\u00e9tablissement de sant\u00e9 qui le prendra en charge, dans la limite des possibilit\u00e9s de chaque\u00a0\u00e9tablissement. Le service public hospitalier est accessible \u00e0 tous en particulier aux personnes d\u00e9munies et, en cas d&rsquo;urgence,\u00a0aux personnes sans couverture sociale. Il est adapt\u00e9 aux personnes handicap\u00e9es. Les \u00e9tablissements de [&hellip;]<\/p>\n","protected":false},"author":2,"featured_media":0,"parent":0,"menu_order":2,"comment_status":"closed","ping_status":"closed","template":"","meta":{"footnotes":""},"class_list":["post-25","page","type-page","status-publish","hentry"],"_links":{"self":[{"href":"https:\/\/ssrlestilleuls.fr\/index.php?rest_route=\/wp\/v2\/pages\/25","targetHints":{"allow":["GET"]}}],"collection":[{"href":"https:\/\/ssrlestilleuls.fr\/index.php?rest_route=\/wp\/v2\/pages"}],"about":[{"href":"https:\/\/ssrlestilleuls.fr\/index.php?rest_route=\/wp\/v2\/types\/page"}],"author":[{"embeddable":true,"href":"https:\/\/ssrlestilleuls.fr\/index.php?rest_route=\/wp\/v2\/users\/2"}],"replies":[{"embeddable":true,"href":"https:\/\/ssrlestilleuls.fr\/index.php?rest_route=%2Fwp%2Fv2%2Fcomments&post=25"}],"version-history":[{"count":1,"href":"https:\/\/ssrlestilleuls.fr\/index.php?rest_route=\/wp\/v2\/pages\/25\/revisions"}],"predecessor-version":[{"id":26,"href":"https:\/\/ssrlestilleuls.fr\/index.php?rest_route=\/wp\/v2\/pages\/25\/revisions\/26"}],"wp:attachment":[{"href":"https:\/\/ssrlestilleuls.fr\/index.php?rest_route=%2Fwp%2Fv2%2Fmedia&parent=25"}],"curies":[{"name":"wp","href":"https:\/\/api.w.org\/{rel}","templated":true}]}}