{"id":2,"date":"2016-01-11T05:45:50","date_gmt":"2016-01-11T05:45:50","guid":{"rendered":"http:\/\/ssrlestilleuls.fr\/?page_id=2"},"modified":"2017-01-26T16:52:49","modified_gmt":"2017-01-26T16:52:49","slug":"sample-page","status":"publish","type":"page","link":"https:\/\/ssrlestilleuls.fr\/?page_id=2","title":{"rendered":"Etablissement polyvalent"},"content":{"rendered":"<h2>Les pathologies, l&rsquo;\u00e9quipe<\/h2>\n<p>\u2022 pathologie g\u00e9riatrique<br \/>\n\u2022 pathologie post-op\u00e9ratoire<br \/>\n\u2022 pathologie palliative<br \/>\n\u2022 pathologie cardiaque<br \/>\n\u2022 pathologie de convalescences diverses.<\/p>\n<h2><strong>Une \u00e9quipe \u00e0 votre \u00e9coute\u00a0vous y attend<\/strong><\/h2>\n<p>\u2022 Les M\u00e9decins de votre choix ;<br \/>\n\u2022 Le Secr\u00e9tariat administratif et m\u00e9dical ;<br \/>\n\u2022 Une \u00e9quipe m\u00e9dicale permanente :\u00a0IDE, AS, Kin\u00e9sith\u00e9rapeute ;<br \/>\n\u2022 Une \u00e9quipe h\u00f4teli\u00e8re ;<br \/>\n\u2022 Le restaurant vous propose une cuisine\u00a0r\u00e9gionale, de qualit\u00e9 dans le respect de vos\u00a0contraintes alimentaires ;<br \/>\n\u2022 Une animatrice;<br \/>\n\u2022 Une aide soignante form\u00e9e au toucher\u00a0d\u00e9tente.<\/p>\n","protected":false},"excerpt":{"rendered":"<p>Les pathologies, l&rsquo;\u00e9quipe \u2022 pathologie g\u00e9riatrique \u2022 pathologie post-op\u00e9ratoire \u2022 pathologie palliative \u2022 pathologie cardiaque \u2022 pathologie de convalescences diverses. Une \u00e9quipe \u00e0 votre \u00e9coute\u00a0vous y attend \u2022 Les M\u00e9decins de votre choix ; \u2022 Le Secr\u00e9tariat administratif et m\u00e9dical ; \u2022 Une \u00e9quipe m\u00e9dicale permanente :\u00a0IDE, AS, Kin\u00e9sith\u00e9rapeute ; \u2022 Une \u00e9quipe h\u00f4teli\u00e8re ; [&hellip;]<\/p>\n","protected":false},"author":2,"featured_media":0,"parent":0,"menu_order":0,"comment_status":"closed","ping_status":"closed","template":"","meta":{"footnotes":""},"class_list":["post-2","page","type-page","status-publish","hentry"],"_links":{"self":[{"href":"https:\/\/ssrlestilleuls.fr\/index.php?rest_route=\/wp\/v2\/pages\/2","targetHints":{"allow":["GET"]}}],"collection":[{"href":"https:\/\/ssrlestilleuls.fr\/index.php?rest_route=\/wp\/v2\/pages"}],"about":[{"href":"https:\/\/ssrlestilleuls.fr\/index.php?rest_route=\/wp\/v2\/types\/page"}],"author":[{"embeddable":true,"href":"https:\/\/ssrlestilleuls.fr\/index.php?rest_route=\/wp\/v2\/users\/2"}],"replies":[{"embeddable":true,"href":"https:\/\/ssrlestilleuls.fr\/index.php?rest_route=%2Fwp%2Fv2%2Fcomments&post=2"}],"version-history":[{"count":4,"href":"https:\/\/ssrlestilleuls.fr\/index.php?rest_route=\/wp\/v2\/pages\/2\/revisions"}],"predecessor-version":[{"id":30,"href":"https:\/\/ssrlestilleuls.fr\/index.php?rest_route=\/wp\/v2\/pages\/2\/revisions\/30"}],"wp:attachment":[{"href":"https:\/\/ssrlestilleuls.fr\/index.php?rest_route=%2Fwp%2Fv2%2Fmedia&parent=2"}],"curies":[{"name":"wp","href":"https:\/\/api.w.org\/{rel}","templated":true}]}}